{"id":11,"date":"2020-09-12T16:08:15","date_gmt":"2020-09-12T14:08:15","guid":{"rendered":"https:\/\/blog.walliczek.de\/?page_id=11"},"modified":"2021-04-02T09:21:14","modified_gmt":"2021-04-02T07:21:14","slug":"about","status":"publish","type":"page","link":"https:\/\/blog.walliczek.de\/index.php\/about\/","title":{"rendered":"\u00dcber mich"},"content":{"rendered":"\n<div class=\"wp-block-columns is-layout-flex wp-container-2\">\n<div class=\"wp-block-column is-layout-flow\" style=\"flex-basis:100%\">\n<div class=\"wp-block-media-text alignwide is-stacked-on-mobile\" style=\"grid-template-columns:22% auto\"><figure class=\"wp-block-media-text__media\"><img decoding=\"async\" loading=\"lazy\" width=\"1700\" height=\"2560\" src=\"https:\/\/blog.walliczek.de\/wp-content\/uploads\/2021\/04\/matthias-2-scaled.jpg\" alt=\"\" class=\"wp-image-81 size-full\" srcset=\"https:\/\/blog.walliczek.de\/wp-content\/uploads\/2021\/04\/matthias-2-scaled.jpg 1700w, https:\/\/blog.walliczek.de\/wp-content\/uploads\/2021\/04\/matthias-2-199x300.jpg 199w, https:\/\/blog.walliczek.de\/wp-content\/uploads\/2021\/04\/matthias-2-680x1024.jpg 680w, https:\/\/blog.walliczek.de\/wp-content\/uploads\/2021\/04\/matthias-2-768x1156.jpg 768w, https:\/\/blog.walliczek.de\/wp-content\/uploads\/2021\/04\/matthias-2-1020x1536.jpg 1020w, https:\/\/blog.walliczek.de\/wp-content\/uploads\/2021\/04\/matthias-2-1360x2048.jpg 1360w, https:\/\/blog.walliczek.de\/wp-content\/uploads\/2021\/04\/matthias-2-480x723.jpg 480w, https:\/\/blog.walliczek.de\/wp-content\/uploads\/2021\/04\/matthias-2-960x1445.jpg 960w\" sizes=\"(max-width: 1700px) 100vw, 1700px\" \/><\/figure><div class=\"wp-block-media-text__content\">\n<p>Hallo! Ich bin Matthias Walliczek.<br>Ich bin seit mehr als 10 Jahren als Software-Entwickler t\u00e4tig und interessiere mich auch privat f\u00fcr IT &#8211; und wie man sie zu Hause sinnvoll einsetzen kann. Dabei faszinieren mich, mit kleinen und g\u00fcnstigen Bauteilen gr\u00f6\u00dftm\u00f6glichen Spa\u00df zu haben.<\/p>\n<\/div><\/div>\n<\/div>\n<\/div>\n\n\n\n<p><\/p>\n","protected":false},"excerpt":{"rendered":"<p>Hallo! Ich bin Matthias Walliczek.Ich bin seit mehr als 10 Jahren als Software-Entwickler t\u00e4tig und interessiere mich auch privat f\u00fcr IT &#8211; und wie man sie zu Hause sinnvoll einsetzen kann. Dabei faszinieren mich, mit kleinen und g\u00fcnstigen Bauteilen gr\u00f6\u00dftm\u00f6glichen Spa\u00df zu haben.<\/p>\n","protected":false},"author":1,"featured_media":0,"parent":0,"menu_order":0,"comment_status":"closed","ping_status":"closed","template":"","meta":[],"yoast_head":"<!-- This site is optimized with the Yoast SEO plugin v18.2 - https:\/\/yoast.com\/wordpress\/plugins\/seo\/ -->\n<title>\u00dcber mich - Matthias&#039; Technik-Ecke<\/title>\n<meta name=\"robots\" content=\"index, follow, max-snippet:-1, max-image-preview:large, max-video-preview:-1\" \/>\n<link rel=\"canonical\" href=\"https:\/\/blog.walliczek.de\/index.php\/about\/\" \/>\n<meta property=\"og:locale\" content=\"de_DE\" \/>\n<meta property=\"og:type\" content=\"article\" \/>\n<meta property=\"og:title\" content=\"\u00dcber mich - Matthias&#039; Technik-Ecke\" \/>\n<meta property=\"og:description\" content=\"Hallo! Ich bin Matthias Walliczek.Ich bin seit mehr als 10 Jahren als Software-Entwickler t\u00e4tig und interessiere mich auch privat f\u00fcr IT &#8211; und wie man sie zu Hause sinnvoll einsetzen kann. Dabei faszinieren mich, mit kleinen und g\u00fcnstigen Bauteilen gr\u00f6\u00dftm\u00f6glichen Spa\u00df zu haben.\" \/>\n<meta property=\"og:url\" content=\"https:\/\/blog.walliczek.de\/index.php\/about\/\" \/>\n<meta property=\"og:site_name\" content=\"Matthias&#039; Technik-Ecke\" \/>\n<meta property=\"article:modified_time\" content=\"2021-04-02T07:21:14+00:00\" \/>\n<meta property=\"og:image\" content=\"https:\/\/blog.walliczek.de\/wp-content\/uploads\/2021\/04\/matthias-2-scaled.jpg\" \/>\n<meta name=\"twitter:card\" content=\"summary_large_image\" \/>\n<script type=\"application\/ld+json\" class=\"yoast-schema-graph\">{\"@context\":\"https:\/\/schema.org\",\"@graph\":[{\"@type\":[\"Person\",\"Organization\"],\"@id\":\"https:\/\/blog.walliczek.de\/#\/schema\/person\/15d35a7cd20cd4a127d30a226f50c33f\",\"name\":\"mwalliczek\",\"image\":{\"@type\":\"ImageObject\",\"@id\":\"https:\/\/blog.walliczek.de\/#personlogo\",\"inLanguage\":\"de-DE\",\"url\":\"https:\/\/secure.gravatar.com\/avatar\/5920ffa7140bf7a615c7d7f0c3fd9b2c?s=96&d=mm&r=g\",\"contentUrl\":\"https:\/\/secure.gravatar.com\/avatar\/5920ffa7140bf7a615c7d7f0c3fd9b2c?s=96&d=mm&r=g\",\"caption\":\"mwalliczek\"},\"logo\":{\"@id\":\"https:\/\/blog.walliczek.de\/#personlogo\"},\"sameAs\":[\"https:\/\/blog.walliczek.de\"]},{\"@type\":\"WebSite\",\"@id\":\"https:\/\/blog.walliczek.de\/#website\",\"url\":\"https:\/\/blog.walliczek.de\/\",\"name\":\"Matthias&#039; Technik-Ecke\",\"description\":\"Spielereien mit Gentoo-Linux-Servern, React, Raspberry, ESP und Co.\",\"publisher\":{\"@id\":\"https:\/\/blog.walliczek.de\/#\/schema\/person\/15d35a7cd20cd4a127d30a226f50c33f\"},\"potentialAction\":[{\"@type\":\"SearchAction\",\"target\":{\"@type\":\"EntryPoint\",\"urlTemplate\":\"https:\/\/blog.walliczek.de\/?s={search_term_string}\"},\"query-input\":\"required name=search_term_string\"}],\"inLanguage\":\"de-DE\"},{\"@type\":\"ImageObject\",\"@id\":\"https:\/\/blog.walliczek.de\/index.php\/about\/#primaryimage\",\"inLanguage\":\"de-DE\",\"url\":\"https:\/\/blog.walliczek.de\/wp-content\/uploads\/2021\/04\/matthias-2-scaled.jpg\",\"contentUrl\":\"https:\/\/blog.walliczek.de\/wp-content\/uploads\/2021\/04\/matthias-2-scaled.jpg\",\"width\":1700,\"height\":2560},{\"@type\":\"WebPage\",\"@id\":\"https:\/\/blog.walliczek.de\/index.php\/about\/#webpage\",\"url\":\"https:\/\/blog.walliczek.de\/index.php\/about\/\",\"name\":\"\u00dcber mich - Matthias&#039; Technik-Ecke\",\"isPartOf\":{\"@id\":\"https:\/\/blog.walliczek.de\/#website\"},\"primaryImageOfPage\":{\"@id\":\"https:\/\/blog.walliczek.de\/index.php\/about\/#primaryimage\"},\"datePublished\":\"2020-09-12T14:08:15+00:00\",\"dateModified\":\"2021-04-02T07:21:14+00:00\",\"breadcrumb\":{\"@id\":\"https:\/\/blog.walliczek.de\/index.php\/about\/#breadcrumb\"},\"inLanguage\":\"de-DE\",\"potentialAction\":[{\"@type\":\"ReadAction\",\"target\":[\"https:\/\/blog.walliczek.de\/index.php\/about\/\"]}]},{\"@type\":\"BreadcrumbList\",\"@id\":\"https:\/\/blog.walliczek.de\/index.php\/about\/#breadcrumb\",\"itemListElement\":[{\"@type\":\"ListItem\",\"position\":1,\"name\":\"Home\",\"item\":\"https:\/\/blog.walliczek.de\/\"},{\"@type\":\"ListItem\",\"position\":2,\"name\":\"\u00dcber mich\"}]}]}<\/script>\n<!-- \/ Yoast SEO plugin. -->","yoast_head_json":{"title":"\u00dcber mich - Matthias&#039; Technik-Ecke","robots":{"index":"index","follow":"follow","max-snippet":"max-snippet:-1","max-image-preview":"max-image-preview:large","max-video-preview":"max-video-preview:-1"},"canonical":"https:\/\/blog.walliczek.de\/index.php\/about\/","og_locale":"de_DE","og_type":"article","og_title":"\u00dcber mich - Matthias&#039; Technik-Ecke","og_description":"Hallo! Ich bin Matthias Walliczek.Ich bin seit mehr als 10 Jahren als Software-Entwickler t\u00e4tig und interessiere mich auch privat f\u00fcr IT &#8211; und wie man sie zu Hause sinnvoll einsetzen kann. Dabei faszinieren mich, mit kleinen und g\u00fcnstigen Bauteilen gr\u00f6\u00dftm\u00f6glichen Spa\u00df zu haben.","og_url":"https:\/\/blog.walliczek.de\/index.php\/about\/","og_site_name":"Matthias&#039; Technik-Ecke","article_modified_time":"2021-04-02T07:21:14+00:00","og_image":[{"url":"https:\/\/blog.walliczek.de\/wp-content\/uploads\/2021\/04\/matthias-2-scaled.jpg"}],"twitter_card":"summary_large_image","schema":{"@context":"https:\/\/schema.org","@graph":[{"@type":["Person","Organization"],"@id":"https:\/\/blog.walliczek.de\/#\/schema\/person\/15d35a7cd20cd4a127d30a226f50c33f","name":"mwalliczek","image":{"@type":"ImageObject","@id":"https:\/\/blog.walliczek.de\/#personlogo","inLanguage":"de-DE","url":"https:\/\/secure.gravatar.com\/avatar\/5920ffa7140bf7a615c7d7f0c3fd9b2c?s=96&d=mm&r=g","contentUrl":"https:\/\/secure.gravatar.com\/avatar\/5920ffa7140bf7a615c7d7f0c3fd9b2c?s=96&d=mm&r=g","caption":"mwalliczek"},"logo":{"@id":"https:\/\/blog.walliczek.de\/#personlogo"},"sameAs":["https:\/\/blog.walliczek.de"]},{"@type":"WebSite","@id":"https:\/\/blog.walliczek.de\/#website","url":"https:\/\/blog.walliczek.de\/","name":"Matthias&#039; Technik-Ecke","description":"Spielereien mit Gentoo-Linux-Servern, React, Raspberry, ESP und Co.","publisher":{"@id":"https:\/\/blog.walliczek.de\/#\/schema\/person\/15d35a7cd20cd4a127d30a226f50c33f"},"potentialAction":[{"@type":"SearchAction","target":{"@type":"EntryPoint","urlTemplate":"https:\/\/blog.walliczek.de\/?s={search_term_string}"},"query-input":"required name=search_term_string"}],"inLanguage":"de-DE"},{"@type":"ImageObject","@id":"https:\/\/blog.walliczek.de\/index.php\/about\/#primaryimage","inLanguage":"de-DE","url":"https:\/\/blog.walliczek.de\/wp-content\/uploads\/2021\/04\/matthias-2-scaled.jpg","contentUrl":"https:\/\/blog.walliczek.de\/wp-content\/uploads\/2021\/04\/matthias-2-scaled.jpg","width":1700,"height":2560},{"@type":"WebPage","@id":"https:\/\/blog.walliczek.de\/index.php\/about\/#webpage","url":"https:\/\/blog.walliczek.de\/index.php\/about\/","name":"\u00dcber mich - Matthias&#039; Technik-Ecke","isPartOf":{"@id":"https:\/\/blog.walliczek.de\/#website"},"primaryImageOfPage":{"@id":"https:\/\/blog.walliczek.de\/index.php\/about\/#primaryimage"},"datePublished":"2020-09-12T14:08:15+00:00","dateModified":"2021-04-02T07:21:14+00:00","breadcrumb":{"@id":"https:\/\/blog.walliczek.de\/index.php\/about\/#breadcrumb"},"inLanguage":"de-DE","potentialAction":[{"@type":"ReadAction","target":["https:\/\/blog.walliczek.de\/index.php\/about\/"]}]},{"@type":"BreadcrumbList","@id":"https:\/\/blog.walliczek.de\/index.php\/about\/#breadcrumb","itemListElement":[{"@type":"ListItem","position":1,"name":"Home","item":"https:\/\/blog.walliczek.de\/"},{"@type":"ListItem","position":2,"name":"\u00dcber mich"}]}]}},"_links":{"self":[{"href":"https:\/\/blog.walliczek.de\/index.php\/wp-json\/wp\/v2\/pages\/11"}],"collection":[{"href":"https:\/\/blog.walliczek.de\/index.php\/wp-json\/wp\/v2\/pages"}],"about":[{"href":"https:\/\/blog.walliczek.de\/index.php\/wp-json\/wp\/v2\/types\/page"}],"author":[{"embeddable":true,"href":"https:\/\/blog.walliczek.de\/index.php\/wp-json\/wp\/v2\/users\/1"}],"replies":[{"embeddable":true,"href":"https:\/\/blog.walliczek.de\/index.php\/wp-json\/wp\/v2\/comments?post=11"}],"version-history":[{"count":4,"href":"https:\/\/blog.walliczek.de\/index.php\/wp-json\/wp\/v2\/pages\/11\/revisions"}],"predecessor-version":[{"id":89,"href":"https:\/\/blog.walliczek.de\/index.php\/wp-json\/wp\/v2\/pages\/11\/revisions\/89"}],"wp:attachment":[{"href":"https:\/\/blog.walliczek.de\/index.php\/wp-json\/wp\/v2\/media?parent=11"}],"curies":[{"name":"wp","href":"https:\/\/api.w.org\/{rel}","templated":true}]}}